{"id":130,"date":"2025-05-31T14:43:36","date_gmt":"2025-05-31T14:43:36","guid":{"rendered":"https:\/\/juraon.com\/?page_id=130"},"modified":"2025-09-10T12:56:18","modified_gmt":"2025-09-10T12:56:18","slug":"sobre-nosotros","status":"publish","type":"page","link":"https:\/\/juraon.com\/en\/sobre-nosotros\/","title":{"rendered":"About Us"},"content":{"rendered":"\t\t<div data-elementor-type=\"wp-page\" data-elementor-id=\"130\" class=\"elementor elementor-130\" data-elementor-settings=\"{&quot;ha_cmc_init_switcher&quot;:&quot;no&quot;}\">\n\t\t\t\t<div class=\"elementor-element elementor-element-28679db5 e-flex e-con-boxed e-con e-parent\" data-id=\"28679db5\" data-element_type=\"container\" data-e-type=\"container\" data-settings=\"{&quot;background_background&quot;:&quot;classic&quot;,&quot;_ha_eqh_enable&quot;:false}\">\n\t\t\t\t\t<div class=\"e-con-inner\">\n\t\t\t\t<div class=\"elementor-element elementor-element-f52caa9 elementor-widget__width-inherit elementor-widget elementor-widget-elementskit-heading\" data-id=\"f52caa9\" data-element_type=\"widget\" data-e-type=\"widget\" data-widget_type=\"elementskit-heading.default\">\n\t\t\t\t<div class=\"elementor-widget-container\">\n\t\t\t\t\t<div class=\"ekit-wid-con\" ><div class=\"ekit-heading elementskit-section-title-wraper center   ekit_heading_tablet-   ekit_heading_mobile-\"><h2 class=\"ekit-heading--title elementskit-section-title \">\u00bfQuienes somos?<\/h2><\/div><\/div>\t\t\t\t<\/div>\n\t\t\t\t<\/div>\n\t\t\t\t<div class=\"elementor-element elementor-element-71475c67 elementor-align-right elementor-align--tabletright elementor-align--mobilecenter elementor-widget-mobile__width-auto elementor-widget elementor-widget-elementskit-button\" data-id=\"71475c67\" data-element_type=\"widget\" data-e-type=\"widget\" data-widget_type=\"elementskit-button.default\">\n\t\t\t\t<div class=\"elementor-widget-container\">\n\t\t\t\t\t<div class=\"ekit-wid-con\" >\t\t<div class=\"ekit-btn-wraper\">\n\t\t\t\t\t\t\t<a href=\"#\" class=\"elementskit-btn  whitespace--normal\" id=\"\">\n\t\t\t\t\tHablemos<i class=\"icon icon-chevron-right\"><\/i>\t\t\t\t<\/a>\n\t\t\t\t\t<\/div>\n        <\/div>\t\t\t\t<\/div>\n\t\t\t\t<\/div>\n\t\t\t\t\t<\/div>\n\t\t\t\t<\/div>\n\t\t<div class=\"elementor-element elementor-element-173ff144 e-grid e-con-boxed e-con e-parent\" data-id=\"173ff144\" data-element_type=\"container\" data-e-type=\"container\" data-settings=\"{&quot;background_background&quot;:&quot;classic&quot;,&quot;_ha_eqh_enable&quot;:false}\">\n\t\t\t\t\t<div class=\"e-con-inner\">\n\t\t\t\t<div class=\"elementor-element elementor-element-3ac92c3d ekit-equal-height-disable ha-has-bg-overlay elementor-widget elementor-widget-elementskit-image-box\" data-id=\"3ac92c3d\" data-element_type=\"widget\" data-e-type=\"widget\" data-widget_type=\"elementskit-image-box.default\">\n\t\t\t\t<div class=\"elementor-widget-container\">\n\t\t\t\t\t<div class=\"ekit-wid-con\" >\n            <div class=\"elementskit-info-image-box ekit-image-box text-center simple-card\" >\n\n                \n                <div class=\"elementskit-box-header image-box-img-center\">\n\n                    <img fetchpriority=\"high\" decoding=\"async\" width=\"225\" height=\"225\" src=\"https:\/\/juraon.com\/wp-content\/uploads\/2025\/09\/10_2.png\" class=\"attachment-full size-full wp-image-3090\" alt=\"\" srcset=\"https:\/\/juraon.com\/wp-content\/uploads\/2025\/09\/10_2.png 225w, https:\/\/juraon.com\/wp-content\/uploads\/2025\/09\/10_2-150x150.png 150w, https:\/\/juraon.com\/wp-content\/uploads\/2025\/09\/10_2-12x12.png 12w\" sizes=\"(max-width: 225px) 100vw, 225px\" \/>\n                <\/div>\n                \n                <div class=\"elementskit-box-body ekit-image-box-body\">\n                    <div class=\"elementskit-box-content ekit-image-box-body-inner\">\n                                                <h3 class=\"elementskit-info-box-title\">\n\n                        M\u00e1s de 10 a\u00f1os dando soluciones\n                        \n                    <\/h3>\n                                                            <div class=\"elementskit-box-style-content\">\n                        Aunque nuestra marca es joven, llevamos m\u00e1s de una d\u00e9cada dejando huella en el sector. Hemos sido el servicio t\u00e9cnico de confianza para marcas l\u00edderes en energ\u00edas renovables y climatizaci\u00f3n. Esa experiencia nos ha ense\u00f1ado algo esencial: lo que de verdad importa es resolverte la vida con soluciones reales, duraderas y eficientes                    <\/div>\n                                    <\/div>\n\n                            <\/div>\n            <\/div>\n    <\/div>\t\t\t\t<\/div>\n\t\t\t\t<\/div>\n\t\t\t\t<div class=\"elementor-element elementor-element-4237d3cf ekit-equal-height-disable ha-has-bg-overlay elementor-widget elementor-widget-elementskit-image-box\" data-id=\"4237d3cf\" data-element_type=\"widget\" data-e-type=\"widget\" data-widget_type=\"elementskit-image-box.default\">\n\t\t\t\t<div class=\"elementor-widget-container\">\n\t\t\t\t\t<div class=\"ekit-wid-con\" >\n            <div class=\"elementskit-info-image-box ekit-image-box text-center simple-card\" >\n\n                \n                <div class=\"elementskit-box-header image-box-img-center\">\n\n                    <img decoding=\"async\" width=\"225\" height=\"225\" src=\"https:\/\/juraon.com\/wp-content\/uploads\/2025\/09\/3.png\" class=\"attachment-full size-full wp-image-3091\" alt=\"\" srcset=\"https:\/\/juraon.com\/wp-content\/uploads\/2025\/09\/3.png 225w, https:\/\/juraon.com\/wp-content\/uploads\/2025\/09\/3-150x150.png 150w, https:\/\/juraon.com\/wp-content\/uploads\/2025\/09\/3-12x12.png 12w\" sizes=\"(max-width: 225px) 100vw, 225px\" \/>\n                <\/div>\n                \n                <div class=\"elementskit-box-body ekit-image-box-body\">\n                    <div class=\"elementskit-box-content ekit-image-box-body-inner\">\n                                                <h3 class=\"elementskit-info-box-title\">\n\n                        Transparencia, precisi\u00f3n y compromiso\n                        \n                    <\/h3>\n                                                            <div class=\"elementskit-box-style-content\">\n                        No venimos a convencerte. Venimos a escucharte, a entender tus necesidades y ofrecerte soluciones que funcionen de verdad. Sin promesas vac\u00edas ni presupuestos hinchados. Nuestro compromiso es claro: calidad, honestidad y trabajo bien hecho.                     <\/div>\n                                    <\/div>\n\n                            <\/div>\n            <\/div>\n    <\/div>\t\t\t\t<\/div>\n\t\t\t\t<\/div>\n\t\t\t\t<div class=\"elementor-element elementor-element-4af07c27 ekit-equal-height-disable ha-has-bg-overlay elementor-widget elementor-widget-elementskit-image-box\" data-id=\"4af07c27\" data-element_type=\"widget\" data-e-type=\"widget\" data-widget_type=\"elementskit-image-box.default\">\n\t\t\t\t<div class=\"elementor-widget-container\">\n\t\t\t\t\t<div class=\"ekit-wid-con\" >\n            <div class=\"elementskit-info-image-box ekit-image-box text-center simple-card\" >\n\n                \n                <div class=\"elementskit-box-header image-box-img-center\">\n\n                    <img decoding=\"async\" width=\"225\" height=\"225\" src=\"https:\/\/juraon.com\/wp-content\/uploads\/2025\/09\/13.png\" class=\"attachment-full size-full wp-image-3093\" alt=\"\" srcset=\"https:\/\/juraon.com\/wp-content\/uploads\/2025\/09\/13.png 225w, https:\/\/juraon.com\/wp-content\/uploads\/2025\/09\/13-150x150.png 150w, https:\/\/juraon.com\/wp-content\/uploads\/2025\/09\/13-12x12.png 12w\" sizes=\"(max-width: 225px) 100vw, 225px\" \/>\n                <\/div>\n                \n                <div class=\"elementskit-box-body ekit-image-box-body\">\n                    <div class=\"elementskit-box-content ekit-image-box-body-inner\">\n                                                <h3 class=\"elementskit-info-box-title\">\n\n                        Nos encargamos de todo\n                        \n                    <\/h3>\n                                                            <div class=\"elementskit-box-style-content\">\n                        Olv\u00eddate de intermediarios. En JuraON hacemos el trabajo completo: instalamos y mantenemos sistemas solares, aerotermia, biomasa, cargadores de coche el\u00e9ctrico y m\u00e1s. Desde el primer contacto hasta la puesta en marcha y el mantenimiento, t\u00fa solo tienes que decirnos qu\u00e9 necesitas. Del resto nos ocupamos nosotros.                    <\/div>\n                                    <\/div>\n\n                            <\/div>\n            <\/div>\n    <\/div>\t\t\t\t<\/div>\n\t\t\t\t<\/div>\n\t\t\t\t\t<\/div>\n\t\t\t\t<\/div>\n\t\t<div class=\"elementor-element elementor-element-453c9af9 e-flex e-con-boxed e-con e-parent\" data-id=\"453c9af9\" data-element_type=\"container\" data-e-type=\"container\" data-settings=\"{&quot;_ha_eqh_enable&quot;:false}\">\n\t\t\t\t\t<div class=\"e-con-inner\">\n\t\t<div class=\"elementor-element elementor-element-60342f70 e-con-full e-flex e-con e-child\" data-id=\"60342f70\" data-element_type=\"container\" data-e-type=\"container\" data-settings=\"{&quot;_ha_eqh_enable&quot;:false}\">\n\t\t\t\t<div class=\"elementor-element elementor-element-268274 elementor-widget elementor-widget-image\" data-id=\"268274\" data-element_type=\"widget\" data-e-type=\"widget\" data-widget_type=\"image.default\">\n\t\t\t\t<div class=\"elementor-widget-container\">\n\t\t\t\t\t\t\t\t\t\t\t\t\t\t\t<img loading=\"lazy\" decoding=\"async\" width=\"1024\" height=\"1024\" src=\"https:\/\/juraon.com\/wp-content\/uploads\/2025\/09\/Gemini_Generated_Image_7w10vo7w10vo7w10.png\" class=\"attachment-large size-large wp-image-3086\" alt=\"\" srcset=\"https:\/\/juraon.com\/wp-content\/uploads\/2025\/09\/Gemini_Generated_Image_7w10vo7w10vo7w10.png 1024w, https:\/\/juraon.com\/wp-content\/uploads\/2025\/09\/Gemini_Generated_Image_7w10vo7w10vo7w10-300x300.png 300w, https:\/\/juraon.com\/wp-content\/uploads\/2025\/09\/Gemini_Generated_Image_7w10vo7w10vo7w10-150x150.png 150w, https:\/\/juraon.com\/wp-content\/uploads\/2025\/09\/Gemini_Generated_Image_7w10vo7w10vo7w10-768x768.png 768w, https:\/\/juraon.com\/wp-content\/uploads\/2025\/09\/Gemini_Generated_Image_7w10vo7w10vo7w10-12x12.png 12w\" sizes=\"(max-width: 1024px) 100vw, 1024px\" \/>\t\t\t\t\t\t\t\t\t\t\t\t\t\t\t<\/div>\n\t\t\t\t<\/div>\n\t\t\t\t<\/div>\n\t\t<div class=\"elementor-element elementor-element-2530172c e-con-full e-flex e-con e-child\" data-id=\"2530172c\" data-element_type=\"container\" data-e-type=\"container\" data-settings=\"{&quot;_ha_eqh_enable&quot;:false}\">\n\t\t\t\t<div class=\"elementor-element elementor-element-7023ba6c elementor-widget elementor-widget-elementskit-heading\" data-id=\"7023ba6c\" data-element_type=\"widget\" data-e-type=\"widget\" data-widget_type=\"elementskit-heading.default\">\n\t\t\t\t<div class=\"elementor-widget-container\">\n\t\t\t\t\t<div class=\"ekit-wid-con\" ><div class=\"ekit-heading elementskit-section-title-wraper text_left   ekit_heading_tablet-   ekit_heading_mobile-\"><span class=\"elementskit-section-subtitle  \">\n\t\t\t\t\t\tNuestra identidad\n\t\t\t\t\t<\/span><h2 class=\"ekit-heading--title elementskit-section-title \">El valor del trabajo bien hecho<\/h2>\t\t\t\t<div class='ekit-heading__description'>\n\t\t\t\t\t<p>Sabemos que elegir a alguien para tu hogar no es una decisi\u00f3n cualquiera. Por eso <strong>cuidamos cada detalle, como si trabaj\u00e1ramos en nuestra propia casa<\/strong>. Queremos que te sientas <strong>seguro, acompa\u00f1ado y satisfecho<\/strong>. Estaremos encantados de ayudarte<\/p>\n\t\t\t\t<\/div>\n\t\t\t<\/div><\/div>\t\t\t\t<\/div>\n\t\t\t\t<\/div>\n\t\t\t\t<\/div>\n\t\t\t\t\t<\/div>\n\t\t\t\t<\/div>\n\t\t<div class=\"elementor-element elementor-element-5230ed11 e-flex e-con-boxed e-con e-parent\" data-id=\"5230ed11\" data-element_type=\"container\" data-e-type=\"container\" data-settings=\"{&quot;background_background&quot;:&quot;classic&quot;,&quot;_ha_eqh_enable&quot;:false}\">\n\t\t\t\t\t<div class=\"e-con-inner\">\n\t\t\t\t<div class=\"elementor-element elementor-element-156c8d82 elementor-widget elementor-widget-elementskit-heading\" data-id=\"156c8d82\" data-element_type=\"widget\" data-e-type=\"widget\" data-widget_type=\"elementskit-heading.default\">\n\t\t\t\t<div class=\"elementor-widget-container\">\n\t\t\t\t\t<div class=\"ekit-wid-con\" ><div class=\"ekit-heading elementskit-section-title-wraper text_left   ekit_heading_tablet-text_center   ekit_heading_mobile-\"><h2 class=\"ekit-heading--title elementskit-section-title \">Cercan\u00eda, confianza y energ\u00eda limpia<\/h2>\t\t\t\t<div class='ekit-heading__description'>\n\t\t\t\t\t<p class=\"elementor-heading-title elementor-size-default\">En JuraON Energ\u00edas Renovables ofrecemos soluciones reales, eficaces y a medida para tu hogar o negocio. No somos una gran multinacional. Somos una empresa local e independiente, nacida en V\u00e9lez-M\u00e1laga, con una idea muy clara: ayudarte a ahorrar, mejorar tu confort y cuidar el planeta.<\/p>\n\t\t\t\t<\/div>\n\t\t\t<\/div><\/div>\t\t\t\t<\/div>\n\t\t\t\t<\/div>\n\t\t\t\t\t<\/div>\n\t\t\t\t<\/div>\n\t\t<div class=\"elementor-element elementor-element-116f70dd e-grid e-con-boxed e-con e-parent\" data-id=\"116f70dd\" data-element_type=\"container\" data-e-type=\"container\" data-settings=\"{&quot;background_background&quot;:&quot;classic&quot;,&quot;_ha_eqh_enable&quot;:false}\">\n\t\t\t\t\t<div class=\"e-con-inner\">\n\t\t\t\t<div class=\"elementor-element elementor-element-be39fb2 elementor-widget__width-initial elementor-widget-tablet__width-inherit elementor-widget elementor-widget-elementskit-heading\" data-id=\"be39fb2\" data-element_type=\"widget\" data-e-type=\"widget\" data-widget_type=\"elementskit-heading.default\">\n\t\t\t\t<div class=\"elementor-widget-container\">\n\t\t\t\t\t<div class=\"ekit-wid-con\" ><div class=\"ekit-heading elementskit-section-title-wraper text_center   ekit_heading_tablet-   ekit_heading_mobile-\"><h2 class=\"ekit-heading--title elementskit-section-title \">Contacta con nosotros<\/h2><div class=\"ekit_heading_separetor_wraper ekit_heading_elementskit-border-star\"><div class=\"elementskit-border-star\"><\/div><\/div>\t\t\t\t<div class='ekit-heading__description'>\n\t\t\t\t\t<p>La soluci\u00f3n que buscas empieza con una conversaci\u00f3n. Env\u00edanos tus datos y nos encargaremos de todo, con la <b>confianza<\/b>, <b>precisi\u00f3n<\/b> y <b>compromiso<\/b> que nos caracterizan.<\/p>\n\t\t\t\t<\/div>\n\t\t\t<\/div><\/div>\t\t\t\t<\/div>\n\t\t\t\t<\/div>\n\t\t\t\t<div class=\"elementor-element elementor-element-9eb29e2 eael-wpforms-labels-yes eael-wpforms-form-button-custom elementor-widget elementor-widget-eael-wpforms\" data-id=\"9eb29e2\" data-element_type=\"widget\" data-e-type=\"widget\" data-widget_type=\"eael-wpforms.default\">\n\t\t\t\t<div class=\"elementor-widget-container\">\n\t\t\t\t\t            <div class=\"eael-contact-form eael-wpforms eael-wpforms-align-default\">\n                                <div class=\"wpforms-container \" id=\"wpforms-98\"><form id=\"wpforms-form-98\" class=\"wpforms-validate wpforms-form wpforms-ajax-form\" data-formid=\"98\" method=\"post\" enctype=\"multipart\/form-data\" action=\"\/en\/wp-json\/wp\/v2\/pages\/130\" data-token=\"fd890cbc0d31815eba321425f6b0e175\" data-token-time=\"1776353847\"><div class=\"wpforms-head-container\"><div class=\"wpforms-title\">Formulario de contacto<\/div><\/div><noscript class=\"wpforms-error-noscript\">Please enable JavaScript in your browser to complete this form.<\/noscript><div class=\"wpforms-field-container\"><div id=\"wpforms-98-field_1-container\" class=\"wpforms-field wpforms-field-text\" data-field-id=\"1\"><label class=\"wpforms-field-label\" for=\"wpforms-98-field_1\">Nombre: <span class=\"wpforms-required-label\">*<\/span><\/label><input type=\"text\" id=\"wpforms-98-field_1\" class=\"wpforms-field-medium wpforms-field-required\" name=\"wpforms[fields][1]\" required><\/div>\t\t<div id=\"wpforms-98-field_4-container\"\n\t\t\tclass=\"wpforms-field wpforms-field-text\"\n\t\t\tdata-field-type=\"text\"\n\t\t\tdata-field-id=\"4\"\n\t\t\t>\n\t\t\t<label class=\"wpforms-field-label\" for=\"wpforms-98-field_4\" >podemos la pol\u00edtica<\/label>\n\t\t\t<input type=\"text\" id=\"wpforms-98-field_4\" class=\"wpforms-field-medium\" name=\"wpforms[fields][4]\" >\n\t\t<\/div>\n\t\t<div id=\"wpforms-98-field_2-container\" class=\"wpforms-field wpforms-field-text\" data-field-id=\"2\"><label class=\"wpforms-field-label\" for=\"wpforms-98-field_2\">Tel\u00e9fono <span class=\"wpforms-required-label\">*<\/span><\/label><input type=\"text\" id=\"wpforms-98-field_2\" class=\"wpforms-field-medium wpforms-field-required\" name=\"wpforms[fields][2]\" required><\/div><div id=\"wpforms-98-field_3-container\" class=\"wpforms-field wpforms-field-email\" data-field-id=\"3\"><label class=\"wpforms-field-label\" for=\"wpforms-98-field_3\">Correo electr\u00f3nico<\/label><input type=\"email\" id=\"wpforms-98-field_3\" class=\"wpforms-field-medium\" name=\"wpforms[fields][3]\" spellcheck=\"false\" ><\/div><div id=\"wpforms-98-field_6-container\" class=\"wpforms-field wpforms-field-text\" data-field-id=\"6\"><label class=\"wpforms-field-label\" for=\"wpforms-98-field_6\">\u00bfC\u00f3mo podemos ayudarte?<\/label><input type=\"text\" id=\"wpforms-98-field_6\" class=\"wpforms-field-medium\" name=\"wpforms[fields][6]\" ><\/div><div id=\"wpforms-98-field_9-container\" class=\"wpforms-field wpforms-field-checkbox\" data-field-id=\"9\"><label class=\"wpforms-field-label\">Aceptaci\u00f3n de la pol\u00edtica de privacidad <span class=\"wpforms-required-label\">*<\/span><\/label><ul id=\"wpforms-98-field_9\" class=\"wpforms-field-required\"><li class=\"choice-1 depth-1\"><input type=\"checkbox\" id=\"wpforms-98-field_9_1\" name=\"wpforms[fields][9][]\" value=\"He le\u00eddo y acepto la Pol\u00edtica de Privacidad\" required ><label class=\"wpforms-field-label-inline\" for=\"wpforms-98-field_9_1\">He le\u00eddo y acepto la Pol\u00edtica de Privacidad<\/label><\/li><\/ul><div class=\"wpforms-field-description\">Consulta nuestra <a href=\"\/politica-de-privacidad\" target=\"_blank\" style=\"color:#F4A024;\">Pol\u00edtica de Privacidad<\/a>.<\/div><\/div><script>\n\t\t\t\t( function() {\n\t\t\t\t\tconst style = document.createElement( 'style' );\n\t\t\t\t\tstyle.appendChild( document.createTextNode( '#wpforms-98-field_4-container { position: absolute !important; overflow: hidden !important; display: inline !important; height: 1px !important; width: 1px !important; z-index: -1000 !important; padding: 0 !important; } #wpforms-98-field_4-container input { visibility: hidden; } #wpforms-conversational-form-page #wpforms-98-field_4-container label { counter-increment: none; }' ) );\n\t\t\t\t\tdocument.head.appendChild( style );\n\t\t\t\t\tdocument.currentScript?.remove();\n\t\t\t\t} )();\n\t\t\t<\/script><\/div><!-- .wpforms-field-container --><div class=\"wpforms-submit-container\" ><input type=\"hidden\" name=\"wpforms[id]\" value=\"98\"><input type=\"hidden\" name=\"page_title\" value=\"\"><input type=\"hidden\" name=\"page_url\" value=\"https:\/\/juraon.com\/en\/wp-json\/wp\/v2\/pages\/130\"><input type=\"hidden\" name=\"url_referer\" value=\"\"><button type=\"submit\" name=\"wpforms[submit]\" id=\"wpforms-submit-98\" class=\"wpforms-submit\" data-alt-text=\"Enviando...\" data-submit-text=\"Enviar\" aria-live=\"assertive\" value=\"wpforms-submit\">Enviar<\/button><img loading=\"lazy\" decoding=\"async\" src=\"https:\/\/juraon.com\/wp-content\/plugins\/wpforms-lite\/assets\/images\/submit-spin.svg\" class=\"wpforms-submit-spinner\" style=\"display: none;\" width=\"26\" height=\"26\" alt=\"Loading\"><\/div><\/form><\/div>  <!-- .wpforms-container -->            <\/div>\n\t\t\t\t<\/div>\n\t\t\t\t<\/div>\n\t\t\t\t\t<\/div>\n\t\t\t\t<\/div>\n\t\t<div class=\"elementor-element elementor-element-cd01670 e-con-full e-flex e-con e-parent\" data-id=\"cd01670\" data-element_type=\"container\" data-e-type=\"container\" data-settings=\"{&quot;background_background&quot;:&quot;classic&quot;,&quot;_ha_eqh_enable&quot;:false}\">\n\t\t\t\t<div class=\"elementor-element elementor-element-9c15204 elementor-widget elementor-widget-html\" data-id=\"9c15204\" data-element_type=\"widget\" data-e-type=\"widget\" data-widget_type=\"html.default\">\n\t\t\t\t<div class=\"elementor-widget-container\">\n\t\t\t\t\t<style>\n  .social-footer {\n    display: flex;\n    justify-content: center;\n    gap: 25px;\n    margin-top: 20px;\n    font-size: 26px;\n  }\n\n  .social-footer a {\n    color: white;\n    text-decoration: none;\n    transition: all 0.3s ease;\n  }\n\n  .social-footer a:hover {\n    transform: scale(1.2);\n    color: #FFA000; \/* Naranja suave al pasar el rat\u00f3n *\/\n  }\n<\/style>\n\n<div style=\"text-align: center; margin-top: 60px; color: white;\">\n  <h2 style=\"font-size: 28px; color: white;\">\ud83c\udf0d Conecta con nosotros<\/h2>\n  <p style=\"font-size: 16px;\">S\u00edguenos en redes o escr\u00edbenos directamente:<\/p>\n\n  <div class=\"social-footer\">\n    <a href=\"https:\/\/www.instagram.com\" target=\"_blank\" rel=\"noopener\"><i class=\"fab fa-instagram\"><\/i><\/a>\n    <a href=\"https:\/\/www.tiktok.com\" target=\"_blank\" rel=\"noopener\"><i class=\"fab fa-tiktok\"><\/i><\/a>\n    <a href=\"https:\/\/www.facebook.com\" target=\"_blank\" rel=\"noopener\"><i class=\"fab fa-facebook-f\"><\/i><\/a>\n    <a href=\"https:\/\/www.twitter.com\" target=\"_blank\" rel=\"noopener\"><i class=\"fab fa-x-twitter\"><\/i><\/a>\n    <a href=\"https:\/\/wa.me\/34624116848\" target=\"_blank\" rel=\"noopener\"><i class=\"fab fa-whatsapp\"><\/i><\/a>\n    <a href=\"mailto:info@juraon.com\"><i class=\"fas fa-at\"><\/i><\/a>\n  <\/div>\n<\/div>\t\t\t\t<\/div>\n\t\t\t\t<\/div>\n\t\t\t\t<\/div>\n\t\t\t\t<\/div>\n\t\t","protected":false},"excerpt":{"rendered":"<p>\u00bfQuienes somos? Hablemos M\u00e1s de 10 a\u00f1os dando soluciones Aunque nuestra marca es joven, llevamos m\u00e1s de una d\u00e9cada dejando [&hellip;]<\/p>\n","protected":false},"author":1,"featured_media":0,"parent":0,"menu_order":0,"comment_status":"closed","ping_status":"closed","template":"","meta":{"site-sidebar-layout":"no-sidebar","site-content-layout":"","ast-site-content-layout":"full-width-container","site-content-style":"default","site-sidebar-style":"default","ast-global-header-display":"","ast-banner-title-visibility":"","ast-main-header-display":"","ast-hfb-above-header-display":"","ast-hfb-below-header-display":"","ast-hfb-mobile-header-display":"","site-post-title":"disabled","ast-breadcrumbs-content":"","ast-featured-img":"disabled","footer-sml-layout":"","theme-transparent-header-meta":"","adv-header-id-meta":"","stick-header-meta":"","header-above-stick-meta":"","header-main-stick-meta":"","header-below-stick-meta":"","astra-migrate-meta-layouts":"default","ast-page-background-enabled":"default","ast-page-background-meta":{"desktop":{"background-color":"var(--ast-global-color-5)","background-image":"","background-repeat":"repeat","background-position":"center center","background-size":"auto","background-attachment":"scroll","background-type":"","background-media":"","overlay-type":"","overlay-color":"","overlay-opacity":"","overlay-gradient":""},"tablet":{"background-color":"","background-image":"","background-repeat":"repeat","background-position":"center center","background-size":"auto","background-attachment":"scroll","background-type":"","background-media":"","overlay-type":"","overlay-color":"","overlay-opacity":"","overlay-gradient":""},"mobile":{"background-color":"","background-image":"","background-repeat":"repeat","background-position":"center center","background-size":"auto","background-attachment":"scroll","background-type":"","background-media":"","overlay-type":"","overlay-color":"","overlay-opacity":"","overlay-gradient":""}},"ast-content-background-meta":{"desktop":{"background-color":"var(--ast-global-color-4)","background-image":"","background-repeat":"repeat","background-position":"center center","background-size":"auto","background-attachment":"scroll","background-type":"","background-media":"","overlay-type":"","overlay-color":"","overlay-opacity":"","overlay-gradient":""},"tablet":{"background-color":"var(--ast-global-color-4)","background-image":"","background-repeat":"repeat","background-position":"center center","background-size":"auto","background-attachment":"scroll","background-type":"","background-media":"","overlay-type":"","overlay-color":"","overlay-opacity":"","overlay-gradient":""},"mobile":{"background-color":"var(--ast-global-color-4)","background-image":"","background-repeat":"repeat","background-position":"center center","background-size":"auto","background-attachment":"scroll","background-type":"","background-media":"","overlay-type":"","overlay-color":"","overlay-opacity":"","overlay-gradient":""}},"footnotes":""},"class_list":["post-130","page","type-page","status-publish","hentry"],"_links":{"self":[{"href":"https:\/\/juraon.com\/en\/wp-json\/wp\/v2\/pages\/130","targetHints":{"allow":["GET"]}}],"collection":[{"href":"https:\/\/juraon.com\/en\/wp-json\/wp\/v2\/pages"}],"about":[{"href":"https:\/\/juraon.com\/en\/wp-json\/wp\/v2\/types\/page"}],"author":[{"embeddable":true,"href":"https:\/\/juraon.com\/en\/wp-json\/wp\/v2\/users\/1"}],"replies":[{"embeddable":true,"href":"https:\/\/juraon.com\/en\/wp-json\/wp\/v2\/comments?post=130"}],"version-history":[{"count":31,"href":"https:\/\/juraon.com\/en\/wp-json\/wp\/v2\/pages\/130\/revisions"}],"predecessor-version":[{"id":3097,"href":"https:\/\/juraon.com\/en\/wp-json\/wp\/v2\/pages\/130\/revisions\/3097"}],"wp:attachment":[{"href":"https:\/\/juraon.com\/en\/wp-json\/wp\/v2\/media?parent=130"}],"curies":[{"name":"wp","href":"https:\/\/api.w.org\/{rel}","templated":true}]}}