{"id":125,"date":"2025-05-31T14:32:46","date_gmt":"2025-05-31T14:32:46","guid":{"rendered":"https:\/\/juraon.com\/?page_id=125"},"modified":"2025-05-31T14:33:14","modified_gmt":"2025-05-31T14:33:14","slug":"aviso-legal","status":"publish","type":"page","link":"https:\/\/juraon.com\/en\/aviso-legal\/","title":{"rendered":"Aviso legal"},"content":{"rendered":"<div data-elementor-type=\"wp-page\" data-elementor-id=\"125\" class=\"elementor elementor-125\" data-elementor-settings=\"{&quot;ha_cmc_init_switcher&quot;:&quot;no&quot;}\">\n\t\t\t\t<div class=\"elementor-element elementor-element-63c9828 e-flex e-con-boxed e-con e-parent\" data-id=\"63c9828\" data-element_type=\"container\" data-e-type=\"container\" data-settings=\"{&quot;_ha_eqh_enable&quot;:false}\">\n\t\t\t\t\t<div class=\"e-con-inner\">\n\t\t\t\t<div class=\"elementor-element elementor-element-2e109f3 elementor-widget elementor-widget-heading\" data-id=\"2e109f3\" data-element_type=\"widget\" data-e-type=\"widget\" data-widget_type=\"heading.default\">\n\t\t\t\t<div class=\"elementor-widget-container\">\n\t\t\t\t\t<h2 class=\"elementor-heading-title elementor-size-default\"><h2>Aviso Legal<\/h2>\n\n<p>En cumplimiento con el deber de informaci\u00f3n recogido en la Ley 34\/2002 de Servicios de la Sociedad de la Informaci\u00f3n y del Comercio Electr\u00f3nico (LSSI-CE), se informa de los siguientes datos:<\/p>\n\n<p><strong>Nombre comercial:<\/strong> JuraON<br>\n<strong>Correo electr\u00f3nico:<\/strong> info@juraon.com<br>\n<strong>Actividad:<\/strong> Instalaci\u00f3n y mantenimiento de sistemas de energ\u00edas renovables<\/p>\n\n<h3>1. Finalidad de la p\u00e1gina web<\/h3>\n<p>La presente web tiene como finalidad ofrecer informaci\u00f3n sobre los servicios de instalaci\u00f3n y mantenimiento de energ\u00edas renovables prestados por JuraON.<\/p>\n\n<h3>2. Propiedad intelectual e industrial<\/h3>\n<p>Todos los contenidos de esta web, incluyendo textos, im\u00e1genes, logotipos y dise\u00f1o gr\u00e1fico, son propiedad de JuraON o se dispone de los derechos necesarios para su uso. Queda prohibida su reproducci\u00f3n total o parcial sin autorizaci\u00f3n previa.<\/p>\n\n<h3>3. Responsabilidad<\/h3>\n<p>No nos responsabilizamos del mal uso que se realice de los contenidos de esta web ni de los da\u00f1os derivados del uso de informaci\u00f3n no actualizada o incorrecta.<\/p>\n\n<h3>4. Protecci\u00f3n de datos<\/h3>\n<p>Los datos personales que se recogen a trav\u00e9s de los formularios est\u00e1n sujetos a nuestra <a href=\"\/en\/politica-de-privacidad\/\" style=\"color:#F4A024\">Privacy Policy<\/a>.<\/p>\n\n<h3>5. Legislaci\u00f3n aplicable<\/h3>\n<p>Esta web se somete a la legislaci\u00f3n espa\u00f1ola. Para cualquier conflicto derivado del uso de este sitio, las partes se someter\u00e1n a los Juzgados y Tribunales de M\u00e1laga.<\/p><\/h2>\t\t\t\t<\/div>\n\t\t\t\t<\/div>\n\t\t\t\t\t<\/div>\n\t\t\t\t<\/div>\n\t\t\t\t<\/div>","protected":false},"excerpt":{"rendered":"<p>Aviso Legal En cumplimiento con el deber de informaci\u00f3n recogido en la Ley 34\/2002 de Servicios de la Sociedad de [&hellip;]<\/p>\n","protected":false},"author":1,"featured_media":0,"parent":0,"menu_order":0,"comment_status":"closed","ping_status":"closed","template":"","meta":{"site-sidebar-layout":"no-sidebar","site-content-layout":"","ast-site-content-layout":"full-width-container","site-content-style":"default","site-sidebar-style":"default","ast-global-header-display":"","ast-banner-title-visibility":"","ast-main-header-display":"","ast-hfb-above-header-display":"","ast-hfb-below-header-display":"","ast-hfb-mobile-header-display":"","site-post-title":"disabled","ast-breadcrumbs-content":"","ast-featured-img":"disabled","footer-sml-layout":"","theme-transparent-header-meta":"","adv-header-id-meta":"","stick-header-meta":"","header-above-stick-meta":"","header-main-stick-meta":"","header-below-stick-meta":"","astra-migrate-meta-layouts":"default","ast-page-background-enabled":"default","ast-page-background-meta":{"desktop":{"background-color":"var(--ast-global-color-5)","background-image":"","background-repeat":"repeat","background-position":"center center","background-size":"auto","background-attachment":"scroll","background-type":"","background-media":"","overlay-type":"","overlay-color":"","overlay-opacity":"","overlay-gradient":""},"tablet":{"background-color":"","background-image":"","background-repeat":"repeat","background-position":"center center","background-size":"auto","background-attachment":"scroll","background-type":"","background-media":"","overlay-type":"","overlay-color":"","overlay-opacity":"","overlay-gradient":""},"mobile":{"background-color":"","background-image":"","background-repeat":"repeat","background-position":"center center","background-size":"auto","background-attachment":"scroll","background-type":"","background-media":"","overlay-type":"","overlay-color":"","overlay-opacity":"","overlay-gradient":""}},"ast-content-background-meta":{"desktop":{"background-color":"var(--ast-global-color-4)","background-image":"","background-repeat":"repeat","background-position":"center center","background-size":"auto","background-attachment":"scroll","background-type":"","background-media":"","overlay-type":"","overlay-color":"","overlay-opacity":"","overlay-gradient":""},"tablet":{"background-color":"var(--ast-global-color-4)","background-image":"","background-repeat":"repeat","background-position":"center center","background-size":"auto","background-attachment":"scroll","background-type":"","background-media":"","overlay-type":"","overlay-color":"","overlay-opacity":"","overlay-gradient":""},"mobile":{"background-color":"var(--ast-global-color-4)","background-image":"","background-repeat":"repeat","background-position":"center center","background-size":"auto","background-attachment":"scroll","background-type":"","background-media":"","overlay-type":"","overlay-color":"","overlay-opacity":"","overlay-gradient":""}},"footnotes":""},"class_list":["post-125","page","type-page","status-publish","hentry"],"_links":{"self":[{"href":"https:\/\/juraon.com\/en\/wp-json\/wp\/v2\/pages\/125","targetHints":{"allow":["GET"]}}],"collection":[{"href":"https:\/\/juraon.com\/en\/wp-json\/wp\/v2\/pages"}],"about":[{"href":"https:\/\/juraon.com\/en\/wp-json\/wp\/v2\/types\/page"}],"author":[{"embeddable":true,"href":"https:\/\/juraon.com\/en\/wp-json\/wp\/v2\/users\/1"}],"replies":[{"embeddable":true,"href":"https:\/\/juraon.com\/en\/wp-json\/wp\/v2\/comments?post=125"}],"version-history":[{"count":4,"href":"https:\/\/juraon.com\/en\/wp-json\/wp\/v2\/pages\/125\/revisions"}],"predecessor-version":[{"id":129,"href":"https:\/\/juraon.com\/en\/wp-json\/wp\/v2\/pages\/125\/revisions\/129"}],"wp:attachment":[{"href":"https:\/\/juraon.com\/en\/wp-json\/wp\/v2\/media?parent=125"}],"curies":[{"name":"wp","href":"https:\/\/api.w.org\/{rel}","templated":true}]}}